{"id":48,"date":"2020-05-19T23:43:26","date_gmt":"2020-05-19T23:43:26","guid":{"rendered":"https:\/\/dobreforum.info.pl\/?page_id=48"},"modified":"2025-02-25T20:08:49","modified_gmt":"2025-02-25T20:08:49","slug":"kontakt","status":"publish","type":"page","link":"https:\/\/dobreforum.com.pl\/?page_id=48","title":{"rendered":"Kontakt"},"content":{"rendered":"\n<p>Kontakt w sprawach administracyjnych prosimy kierowa\u0107 na adres:<\/p>\n\n\n\n<p>Nowy adres mailowy b\u0119dzie udost\u0119pniony w najbli\u017cszym czasie<\/p>\n\n\n\n<p>Kontakt poczt\u0105 tradycyjn\u0105 mo\u017cliwy jest pod adresem:<\/p>\n\n\n\n<p>Eronet sp. z o.o.<\/p>\n\n\n\n<p>skrytka pocztowa nr 9<\/p>\n\n\n\n<p>UP Kostrzyn Wielkopolski<\/p>\n\n\n\n<p>ul. Dworcowa 11<\/p>\n\n\n\n<p>62-025 Kostrzyn <\/p>\n","protected":false},"excerpt":{"rendered":"<p>Kontakt w sprawach administracyjnych prosimy kierowa\u0107 na adres: Nowy adres mailowy b\u0119dzie udost\u0119pniony w najbli\u017cszym czasie Kontakt poczt\u0105 tradycyjn\u0105 mo\u017cliwy jest pod adresem: Eronet sp. z o.o. skrytka pocztowa nr 9 UP Kostrzyn Wielkopolski ul. Dworcowa 11 62-025 Kostrzyn<\/p>\n","protected":false},"author":1,"featured_media":78,"parent":0,"menu_order":4,"comment_status":"closed","ping_status":"closed","template":"","meta":{"footnotes":""},"class_list":["post-48","page","type-page","status-publish","has-post-thumbnail","hentry"],"yoast_head":"<!-- This site is optimized with the Yoast SEO plugin v27.3 - https:\/\/yoast.com\/product\/yoast-seo-wordpress\/ -->\n<title>Kontakt - dobreforum.com.pl<\/title>\n<meta name=\"robots\" content=\"index, follow, max-snippet:-1, max-image-preview:large, max-video-preview:-1\" \/>\n<link rel=\"canonical\" href=\"https:\/\/dobreforum.com.pl\/?page_id=48\" \/>\n<meta property=\"og:locale\" content=\"pl_PL\" \/>\n<meta property=\"og:type\" content=\"article\" \/>\n<meta property=\"og:title\" content=\"Kontakt - dobreforum.com.pl\" \/>\n<meta property=\"og:description\" content=\"Kontakt w sprawach administracyjnych prosimy kierowa\u0107 na adres: Nowy adres mailowy b\u0119dzie udost\u0119pniony w najbli\u017cszym czasie Kontakt poczt\u0105 tradycyjn\u0105 mo\u017cliwy jest pod adresem: Eronet sp. z o.o. skrytka pocztowa nr 9 UP Kostrzyn Wielkopolski ul. Dworcowa 11 62-025 Kostrzyn\" \/>\n<meta property=\"og:url\" content=\"https:\/\/dobreforum.com.pl\/?page_id=48\" \/>\n<meta property=\"og:site_name\" content=\"dobreforum.com.pl\" \/>\n<meta property=\"article:modified_time\" content=\"2025-02-25T20:08:49+00:00\" \/>\n<meta property=\"og:image\" content=\"https:\/\/dobreforum.com.pl\/wp-content\/uploads\/2020\/05\/email-824310_640.jpg\" \/>\n\t<meta property=\"og:image:width\" content=\"640\" \/>\n\t<meta property=\"og:image:height\" content=\"426\" \/>\n\t<meta property=\"og:image:type\" content=\"image\/jpeg\" \/>\n<meta name=\"twitter:card\" content=\"summary_large_image\" \/>\n<meta name=\"twitter:label1\" content=\"Szacowany czas czytania\" \/>\n\t<meta name=\"twitter:data1\" content=\"1 minuta\" \/>\n<script type=\"application\/ld+json\" class=\"yoast-schema-graph\">{\"@context\":\"https:\\\/\\\/schema.org\",\"@graph\":[{\"@type\":\"WebPage\",\"@id\":\"https:\\\/\\\/dobreforum.com.pl\\\/?page_id=48\",\"url\":\"https:\\\/\\\/dobreforum.com.pl\\\/?page_id=48\",\"name\":\"Kontakt - dobreforum.com.pl\",\"isPartOf\":{\"@id\":\"https:\\\/\\\/dobreforum.com.pl\\\/#website\"},\"primaryImageOfPage\":{\"@id\":\"https:\\\/\\\/dobreforum.com.pl\\\/?page_id=48#primaryimage\"},\"image\":{\"@id\":\"https:\\\/\\\/dobreforum.com.pl\\\/?page_id=48#primaryimage\"},\"thumbnailUrl\":\"https:\\\/\\\/dobreforum.com.pl\\\/wp-content\\\/uploads\\\/2020\\\/05\\\/email-824310_640.jpg\",\"datePublished\":\"2020-05-19T23:43:26+00:00\",\"dateModified\":\"2025-02-25T20:08:49+00:00\",\"breadcrumb\":{\"@id\":\"https:\\\/\\\/dobreforum.com.pl\\\/?page_id=48#breadcrumb\"},\"inLanguage\":\"pl-PL\",\"potentialAction\":[{\"@type\":\"ReadAction\",\"target\":[\"https:\\\/\\\/dobreforum.com.pl\\\/?page_id=48\"]}]},{\"@type\":\"ImageObject\",\"inLanguage\":\"pl-PL\",\"@id\":\"https:\\\/\\\/dobreforum.com.pl\\\/?page_id=48#primaryimage\",\"url\":\"https:\\\/\\\/dobreforum.com.pl\\\/wp-content\\\/uploads\\\/2020\\\/05\\\/email-824310_640.jpg\",\"contentUrl\":\"https:\\\/\\\/dobreforum.com.pl\\\/wp-content\\\/uploads\\\/2020\\\/05\\\/email-824310_640.jpg\",\"width\":640,\"height\":426},{\"@type\":\"BreadcrumbList\",\"@id\":\"https:\\\/\\\/dobreforum.com.pl\\\/?page_id=48#breadcrumb\",\"itemListElement\":[{\"@type\":\"ListItem\",\"position\":1,\"name\":\"Strona g\u0142\u00f3wna\",\"item\":\"https:\\\/\\\/dobreforum.com.pl\\\/\"},{\"@type\":\"ListItem\",\"position\":2,\"name\":\"Kontakt\"}]},{\"@type\":\"WebSite\",\"@id\":\"https:\\\/\\\/dobreforum.com.pl\\\/#website\",\"url\":\"https:\\\/\\\/dobreforum.com.pl\\\/\",\"name\":\"dobreforum.com.pl\",\"description\":\"Tu ka\u017cdy znajdzie co\u015b ciekawego dla siebie...\",\"publisher\":{\"@id\":\"https:\\\/\\\/dobreforum.com.pl\\\/#\\\/schema\\\/person\\\/b34834b90b005e1931504c88cbdc9e1f\"},\"potentialAction\":[{\"@type\":\"SearchAction\",\"target\":{\"@type\":\"EntryPoint\",\"urlTemplate\":\"https:\\\/\\\/dobreforum.com.pl\\\/?s={search_term_string}\"},\"query-input\":{\"@type\":\"PropertyValueSpecification\",\"valueRequired\":true,\"valueName\":\"search_term_string\"}}],\"inLanguage\":\"pl-PL\"},{\"@type\":[\"Person\",\"Organization\"],\"@id\":\"https:\\\/\\\/dobreforum.com.pl\\\/#\\\/schema\\\/person\\\/b34834b90b005e1931504c88cbdc9e1f\",\"name\":\"Administrator\",\"image\":{\"@type\":\"ImageObject\",\"inLanguage\":\"pl-PL\",\"@id\":\"https:\\\/\\\/secure.gravatar.com\\\/avatar\\\/8eb056d73db8083397e7dfc0c5990da4dbef715371d4caea23e76af149a3e50a?s=96&d=mm&r=g\",\"url\":\"https:\\\/\\\/secure.gravatar.com\\\/avatar\\\/8eb056d73db8083397e7dfc0c5990da4dbef715371d4caea23e76af149a3e50a?s=96&d=mm&r=g\",\"contentUrl\":\"https:\\\/\\\/secure.gravatar.com\\\/avatar\\\/8eb056d73db8083397e7dfc0c5990da4dbef715371d4caea23e76af149a3e50a?s=96&d=mm&r=g\",\"caption\":\"Administrator\"},\"logo\":{\"@id\":\"https:\\\/\\\/secure.gravatar.com\\\/avatar\\\/8eb056d73db8083397e7dfc0c5990da4dbef715371d4caea23e76af149a3e50a?s=96&d=mm&r=g\"},\"sameAs\":[\"https:\\\/\\\/dobreforum.com.pl\"]}]}<\/script>\n<!-- \/ Yoast SEO plugin. -->","yoast_head_json":{"title":"Kontakt - dobreforum.com.pl","robots":{"index":"index","follow":"follow","max-snippet":"max-snippet:-1","max-image-preview":"max-image-preview:large","max-video-preview":"max-video-preview:-1"},"canonical":"https:\/\/dobreforum.com.pl\/?page_id=48","og_locale":"pl_PL","og_type":"article","og_title":"Kontakt - dobreforum.com.pl","og_description":"Kontakt w sprawach administracyjnych prosimy kierowa\u0107 na adres: Nowy adres mailowy b\u0119dzie udost\u0119pniony w najbli\u017cszym czasie Kontakt poczt\u0105 tradycyjn\u0105 mo\u017cliwy jest pod adresem: Eronet sp. z o.o. skrytka pocztowa nr 9 UP Kostrzyn Wielkopolski ul. Dworcowa 11 62-025 Kostrzyn","og_url":"https:\/\/dobreforum.com.pl\/?page_id=48","og_site_name":"dobreforum.com.pl","article_modified_time":"2025-02-25T20:08:49+00:00","og_image":[{"width":640,"height":426,"url":"https:\/\/dobreforum.com.pl\/wp-content\/uploads\/2020\/05\/email-824310_640.jpg","type":"image\/jpeg"}],"twitter_card":"summary_large_image","twitter_misc":{"Szacowany czas czytania":"1 minuta"},"schema":{"@context":"https:\/\/schema.org","@graph":[{"@type":"WebPage","@id":"https:\/\/dobreforum.com.pl\/?page_id=48","url":"https:\/\/dobreforum.com.pl\/?page_id=48","name":"Kontakt - dobreforum.com.pl","isPartOf":{"@id":"https:\/\/dobreforum.com.pl\/#website"},"primaryImageOfPage":{"@id":"https:\/\/dobreforum.com.pl\/?page_id=48#primaryimage"},"image":{"@id":"https:\/\/dobreforum.com.pl\/?page_id=48#primaryimage"},"thumbnailUrl":"https:\/\/dobreforum.com.pl\/wp-content\/uploads\/2020\/05\/email-824310_640.jpg","datePublished":"2020-05-19T23:43:26+00:00","dateModified":"2025-02-25T20:08:49+00:00","breadcrumb":{"@id":"https:\/\/dobreforum.com.pl\/?page_id=48#breadcrumb"},"inLanguage":"pl-PL","potentialAction":[{"@type":"ReadAction","target":["https:\/\/dobreforum.com.pl\/?page_id=48"]}]},{"@type":"ImageObject","inLanguage":"pl-PL","@id":"https:\/\/dobreforum.com.pl\/?page_id=48#primaryimage","url":"https:\/\/dobreforum.com.pl\/wp-content\/uploads\/2020\/05\/email-824310_640.jpg","contentUrl":"https:\/\/dobreforum.com.pl\/wp-content\/uploads\/2020\/05\/email-824310_640.jpg","width":640,"height":426},{"@type":"BreadcrumbList","@id":"https:\/\/dobreforum.com.pl\/?page_id=48#breadcrumb","itemListElement":[{"@type":"ListItem","position":1,"name":"Strona g\u0142\u00f3wna","item":"https:\/\/dobreforum.com.pl\/"},{"@type":"ListItem","position":2,"name":"Kontakt"}]},{"@type":"WebSite","@id":"https:\/\/dobreforum.com.pl\/#website","url":"https:\/\/dobreforum.com.pl\/","name":"dobreforum.com.pl","description":"Tu ka\u017cdy znajdzie co\u015b ciekawego dla siebie...","publisher":{"@id":"https:\/\/dobreforum.com.pl\/#\/schema\/person\/b34834b90b005e1931504c88cbdc9e1f"},"potentialAction":[{"@type":"SearchAction","target":{"@type":"EntryPoint","urlTemplate":"https:\/\/dobreforum.com.pl\/?s={search_term_string}"},"query-input":{"@type":"PropertyValueSpecification","valueRequired":true,"valueName":"search_term_string"}}],"inLanguage":"pl-PL"},{"@type":["Person","Organization"],"@id":"https:\/\/dobreforum.com.pl\/#\/schema\/person\/b34834b90b005e1931504c88cbdc9e1f","name":"Administrator","image":{"@type":"ImageObject","inLanguage":"pl-PL","@id":"https:\/\/secure.gravatar.com\/avatar\/8eb056d73db8083397e7dfc0c5990da4dbef715371d4caea23e76af149a3e50a?s=96&d=mm&r=g","url":"https:\/\/secure.gravatar.com\/avatar\/8eb056d73db8083397e7dfc0c5990da4dbef715371d4caea23e76af149a3e50a?s=96&d=mm&r=g","contentUrl":"https:\/\/secure.gravatar.com\/avatar\/8eb056d73db8083397e7dfc0c5990da4dbef715371d4caea23e76af149a3e50a?s=96&d=mm&r=g","caption":"Administrator"},"logo":{"@id":"https:\/\/secure.gravatar.com\/avatar\/8eb056d73db8083397e7dfc0c5990da4dbef715371d4caea23e76af149a3e50a?s=96&d=mm&r=g"},"sameAs":["https:\/\/dobreforum.com.pl"]}]}},"_links":{"self":[{"href":"https:\/\/dobreforum.com.pl\/index.php?rest_route=\/wp\/v2\/pages\/48","targetHints":{"allow":["GET"]}}],"collection":[{"href":"https:\/\/dobreforum.com.pl\/index.php?rest_route=\/wp\/v2\/pages"}],"about":[{"href":"https:\/\/dobreforum.com.pl\/index.php?rest_route=\/wp\/v2\/types\/page"}],"author":[{"embeddable":true,"href":"https:\/\/dobreforum.com.pl\/index.php?rest_route=\/wp\/v2\/users\/1"}],"replies":[{"embeddable":true,"href":"https:\/\/dobreforum.com.pl\/index.php?rest_route=%2Fwp%2Fv2%2Fcomments&post=48"}],"version-history":[{"count":5,"href":"https:\/\/dobreforum.com.pl\/index.php?rest_route=\/wp\/v2\/pages\/48\/revisions"}],"predecessor-version":[{"id":221,"href":"https:\/\/dobreforum.com.pl\/index.php?rest_route=\/wp\/v2\/pages\/48\/revisions\/221"}],"wp:featuredmedia":[{"embeddable":true,"href":"https:\/\/dobreforum.com.pl\/index.php?rest_route=\/wp\/v2\/media\/78"}],"wp:attachment":[{"href":"https:\/\/dobreforum.com.pl\/index.php?rest_route=%2Fwp%2Fv2%2Fmedia&parent=48"}],"curies":[{"name":"wp","href":"https:\/\/api.w.org\/{rel}","templated":true}]}}