{"id":36,"date":"2020-05-19T23:16:13","date_gmt":"2020-05-19T23:16:13","guid":{"rendered":"https:\/\/dobreforum.info.pl\/?page_id=36"},"modified":"2025-02-25T20:06:25","modified_gmt":"2025-02-25T20:06:25","slug":"regulamin","status":"publish","type":"page","link":"https:\/\/dobreforum.com.pl\/?page_id=36","title":{"rendered":"Regulamin"},"content":{"rendered":"\n<p>Regulamin <a href=\"https:\/\/dobreforum.com.pl\" target=\"_blank\" rel=\"noreferrer noopener\">https:\/\/dobreforum.com.pl<\/a><\/p>\n\n\n\n<p>1.Administratorem forum mieszcz\u0105cego si\u0119 pod adresem <a href=\"https:\/\/dobreforum.com.pl\" target=\"_blank\" rel=\"noreferrer noopener\">dobreforum.com.pl<\/a>\u00a0jest Eroent sp z o.o. z siedzib\u0105 w Poznaniu<br>2. Dla cel\u00f3w regulaminu w dalszej jego cz\u0119\u015bci nazwa domeny <a href=\"https:\/\/dobreforum.com.pl\" target=\"_blank\" rel=\"noreferrer noopener\">dobreforum.com.pl<\/a> mo\u017ce zosta\u0107 zast\u0105piona wyra\u017ceniem <strong>domena<\/strong> w celu uzyskania lepszej przejrzysto\u015bci tekstu<br>3.Jako U\u017cytkownik forum masz pe\u0142ne prawa dotycz\u0105ce wgl\u0105du, edycji, usuwania i przekazywania w stosunku do swoich danych osobowych. Szczeg\u00f3\u0142y dotycz\u0105ce wszelkich informacje dotycz\u0105ce danych osobowych U\u017cytkownik\u00f3w forum i serwisu, jak i zakresu ich przetwarzania, znajdziesz na stronie\u00a0<a href=\"https:\/\/dobreforum.com.pl\/polityka-prywatno\u015bci\" target=\"_blank\" rel=\"noreferrer noopener\">https:\/\/dobreforum.com.pl\/polityka-prywatno\u015bci<\/a><br>4\/Wnioski dotycz\u0105ce edycji, wgl\u0105du, usuwania, przekazywania danych osobowych U\u017cytkownika prosimy przesy\u0142a\u0107 zgodnie z informacjami zawartymi na stronie\u00a0<a href=\"https:\/\/dobreforum.com.pl\/kontakt\" target=\"_blank\" rel=\"noreferrer noopener\">https:\/\/dobreforum.com.pl\/kontakt<\/a><br>5. Wszystko co nie jest zabronione prawem jest dozwolone<br>6.Zakazuje si\u0119 publikowania wypowiedzi o tre\u015bciach obra\u017aliwych, obscenicznych,rasistowskich, poni\u017caj\u0105cych drugie osoby,w tym ze wzgl\u0119du na przekonania religijne oraz seksualne, niezgodnych z prawem,(naruszaj\u0105cych prawo polskie oraz\/lub mi\u0119dzynarodowe), w tym wklejanie w postaci plik\u00f3w nielegalnego oprogramowania, muzyki, film\u00f3w zdj\u0119\u0107 itp.<br>7.Na forum piszemy tylko w j\u0119zyku polskim. Wszelkie posty pisane w innych j\u0119zykach, nawet je\u017celi ich tre\u015b\u0107 nie b\u0119dzie budzi\u0142a \u017cadnych zastrze\u017ce\u0144 b\u0119d\u0105 usuwane bez podania przyczyny.<br>8.Rejestracja na forum b\u0119dzie p\u0142atna.<br>9.Uczestnik forum poprzez rejestracje wyra\u017ca zgod\u0119 na przesy\u0142anie informacji handlowych i reklamowych na adres mailowy wymagany przy rejestracji na forum, zgodnie z zasadami opisanymi w polityce prywatno\u015bci. Zgod\u0119 mo\u017cna w ka\u017cdej chwili cofn\u0105\u0107.<br>10.Niniejsze forum jest og\u00f3lnodost\u0119pne i wszelkie wypowiedzi uczestnik\u00f3w forum s\u0105 ich w\u0142asnymi wypowiedziami, za kt\u00f3re prawnie s\u0105 oni odpowiedzialni. Administracja forum nie bierze odpowiedzialno\u015bci za publikowane wypowiedzi.<br>11.Administracje forum zastrzega sobie kasowanie post\u00f3w bez podania przyczyny, posty naruszaj\u0105ce niniejsze forum b\u0119d\u0105 kasowane natychmiast po ich wykryciu przez administracj\u0119 forum, a osoba kt\u00f3ra napisze taki post zostanie ukarana ostrze\u017ceniem. Trzy ostrze\u017cenie w miesi\u0105cu b\u0119d\u0105 skutkowa\u0142y zawieszeniem konta na 30 dni. Dwukrotne zawieszenie konta w przeci\u0105gu 3 miesi\u0119cy spowoduje blokad\u0119 mo\u017cliwo\u015bci za\u0142o\u017cenia konta bezterminowo. Wyj\u0105tkowych sytuacjach, poziom kar mo\u017ce by\u0107 nak\u0142adany indywidualnie. Administracja nie ma obowi\u0105zku wyja\u015bniania powod\u00f3w na\u0142o\u017cenia kary.<br>12.Zakazuje si\u0119 publikowania reklam nie zgodnych z prawem polskim i mi\u0119dzynarodowym, reklam alkoholu i wyrob\u00f3w tytoniowych. Za umieszczenie linka prowadz\u0105cego do stron naruszaj\u0105cych prawo nast\u0105pi usuni\u0119cie konta u\u017cytkownika, za reklamy alkoholu i wyrob\u00f3w tytoniowych blokada czasowa lub BAN ostateczny.<br>13.Administrator forum nie odpowiada za tre\u015b\u0107 og\u0142osze\u0144 dost\u0119pnych na forum oraz ich realizacj\u0119. Administrator forum nie jest w \u017cadnym momencie stron\u0105 w transakcjach handlowych, udost\u0119pnia tylko nieodp\u0142atnie stronom mo\u017cliwo\u015b\u0107 zamieszczenia og\u0142osze\u0144. Administrator nie sprawdza legalno\u015bci towar\u00f3w dost\u0119pnych w og\u0142oszeniach, obowi\u0105zek sprawdzenia legalno\u015bci danego przedmiotu jest obowi\u0105zkiem potencjalnego nabywcy i z tego tytu\u0142u nie ro\u015bci on, ani nie b\u0119dzie ro\u015bci\u0142 do administratora forum \u017cadnych pretensji ani wysuwa\u0142 jakichkolwiek \u017c\u0105da\u0144. Pami\u0119taj o sprawdzeniu legalno\u015bci oferowanego w og\u0142oszeniu towaru-nawet je\u017celi kupisz towar z wadami prawnymi nie\u015bwiadomie to i tak odpowiadasz za paserstwo!!! Pami\u0119taj nigdy nie wysy\u0142aj, je\u017celi nie masz pewno\u015bci otrzymania zakupionego towaru pieni\u0105\u017ck\u00f3w \u201dz g\u00f3ry\u201d, lepiej zap\u0142aci\u0107 za wysy\u0142k\u0119 kilka z\u0142otych wi\u0119cej i wybra\u0107 opcj\u0119 za pobraniem &#8211; b\u0119dzie to gwarantowa\u0142o, \u017ce towar faktycznie otrzymasz. Administrator nie odpowiada za stan rozlicze\u0144 pomi\u0119dzy stronami<br>14.Wszelkie pliki i muzyka czy cokolwiek innego wklejane na forum lub portalu musi by\u0107 zgodne z prawem, w szczeg\u00f3lno\u015bci z prawem autorskim, zabrania si\u0119 wklejania muzyki, film\u00f3w i oprogramowanie do kt\u00f3rych osoba wklejaj\u0105ca takowe nie posiada praw autorskich i czyni to nielegalnie<br>15.Jako u\u017cytkownik forum zgadzasz si\u0119 na zachowanie informacji jakie udost\u0119pnisz i jakie wynikaj\u0105 z potrzeby rejestracji na forum w bazie forum. O zakresie ich publicznej dost\u0119pno\u015bci decyduje uczestnik forum poprzez odpowiedni\u0105 konfiguracj\u0119 swojego profilu.<br>16.Dokonuj\u0105c dobrowolnej rejestracji na forum o\u015bwiadczasz, \u017ce nie b\u0119dziesz obarcza\u0142 odpowiedzialno\u015bci\u0105 ani z tego powodu ro\u015bci\u0142 praw do odszkodowa\u0144 obecnie jak i w przysz\u0142o\u015bci od administratora, w\u0142a\u015bciciela niniejszego forum jak i firmy \u015bwiadcz\u0105cej us\u0142ugi hostingowe zapewniaj\u0105ce sprawne funkcjonowanie forum do odszkodowa\u0144 z tytu\u0142u ewentualnych przerw technicznych, usuwania post\u00f3w ze wzgl\u0119du na okresowe &#8222;czyszczenie&#8221; forum jak i ze wzgl\u0119du na tre\u015bci pisane przez innych U\u017cytkownik\u00f3w.<br>17.Obowi\u0105zuj\u0105cym regulaminem jest zawsze regulamin wraz z wszelkimi ewentualnymi poprawkami opublikowanymi najp\u00f3\u017aniej. Wprowadzone zmiany automatycznie zast\u0119puj\u0105 brzmienie punkt\u00f3w, kt\u00f3rych dotycz\u0105, w pozosta\u0142ym zakresie obowi\u0105zuje tre\u015b\u0107 podstawowa regulaminu<br>18.Rejestracja nast\u0119puje po akceptacji nowego u\u017cytkownika przez Administratora. Administrator mo\u017ce odrzuci\u0107 pro\u015bb\u0119 o rejestracj\u0119 i odm\u00f3wi\u0107 akceptacji nowego konta bez podania przyczyny. <br>19.Posty dodawane przez osoby niezarejestrowane (pisane z pozycji &#8222;go\u015b\u0107&#8221;) wymagaj\u0105 akceptacji administratora. Administracja forum zastrzega sobie prawo do odrzucenia posta, nie publikowania jego tre\u015bci lub jego edycji bez podania przyczyny.<br>20. Z tytu\u0142u odrzucenia publikacji b\u0105d\u017a edycji tre\u015bci wypowiedzi, podobnie jak odmowy rejestracji konta nie przys\u0142uguj\u0105 \u017cadne odszkodowania czy rekompensaty. W przypadku edycji nie maj\u0105 zastosowania przepisy o prawie autorskim. Administrator nie musi podawa\u0107 przyczyny swoich dzia\u0142a\u0144.<br>21.Administrator zastrzega sobie prawo do blokowania nazw, adres\u00f3w IP, serwer\u00f3w, domen, adres\u00f3w mailowych na czas nieokre\u015blony, kt\u00f3re mog\u0105 dawa\u0107 prawo do podejrzenia co do tego, \u017ce mog\u0105 one by\u0107 tworzone przez tzw. roboty spamuj\u0105ce, mog\u0105 s\u0142u\u017cy\u0107 do wy\u0142udzania informacji czy publikowania tre\u015bci niezgodnych z prawem. Podkre\u015blamy, \u017ce do ca\u0142kowitej blokady w takim przypadku wystarczy samo podejrzenie ze strony administracji forum, \u017ce takie dzia\u0142ania mog\u0105 nast\u0105pi\u0107.<br>22.W przypadku ch\u0119ci rezygnacji z uczestnictwa w forum (dotyczy tylko os\u00f3b maj\u0105cych zarejestrowane konta) u\u017cytkownik winien zg\u0142osi\u0107 ten fakt bezpo\u015brednio poprzez odpowiedni formularz na stronie kontaktowej forum (szczeg\u00f3\u0142y dotycz\u0105ce sposob\u00f3w kontaktu w specjalnym temacie Kontakt z forum. Administrator usunie takie konto, z tym zastrze\u017ceniem, \u017ce usuni\u0119cie konta nie oznacza, usuni\u0119cia post\u00f3w jakie zosta\u0142y napisane przez danego u\u017cytkownika, chyba, \u017ce u\u017cytkownik tego wyra\u017anie za\u017c\u0105da. Natomiast zostan\u0105 usuni\u0119te wszelkie dane osobowe, profil oraz podpis danego u\u017cytkownika, o ile takowy by\u0142 ustawiony.<br>23.W sprawach nieunormowanych maj\u0105 zastosowanie przepisy Kodeksu Cywilnego oraz ustawy RODO a w przypadku potrzeby rozstrzygania sporu na drodze s\u0105dowej, s\u0105dem miejscowym dla takowego, jest s\u0105d w\u0142a\u015bciwy Administratorowi forum<\/p>\n\n\n\n<p>Regulamin wchodzi w \u017cycie z chwil\u0105 opublikowania<\/p>\n","protected":false},"excerpt":{"rendered":"<p>Regulamin https:\/\/dobreforum.com.pl 1.Administratorem forum mieszcz\u0105cego si\u0119 pod adresem dobreforum.com.pl\u00a0jest Eroent sp z o.o. z siedzib\u0105 w Poznaniu2. Dla cel\u00f3w regulaminu w dalszej jego cz\u0119\u015bci nazwa domeny dobreforum.com.pl mo\u017ce zosta\u0107 zast\u0105piona wyra\u017ceniem domena w celu uzyskania lepszej przejrzysto\u015bci tekstu3.Jako U\u017cytkownik forum masz pe\u0142ne prawa dotycz\u0105ce wgl\u0105du, edycji, usuwania i przekazywania w stosunku do swoich danych osobowych. &hellip; <a href=\"https:\/\/dobreforum.com.pl\/?page_id=36\" class=\"more-link\">Czytaj dalej<span class=\"screen-reader-text\"> \u201eRegulamin\u201d<\/span><\/a><\/p>\n","protected":false},"author":1,"featured_media":76,"parent":0,"menu_order":2,"comment_status":"closed","ping_status":"closed","template":"","meta":{"footnotes":""},"class_list":["post-36","page","type-page","status-publish","has-post-thumbnail","hentry"],"yoast_head":"<!-- This site is optimized with the Yoast SEO plugin v27.3 - https:\/\/yoast.com\/product\/yoast-seo-wordpress\/ -->\n<title>Regulamin - dobreforum.com.pl<\/title>\n<meta name=\"robots\" content=\"index, follow, max-snippet:-1, max-image-preview:large, max-video-preview:-1\" \/>\n<link rel=\"canonical\" href=\"https:\/\/dobreforum.com.pl\/?page_id=36\" \/>\n<meta property=\"og:locale\" content=\"pl_PL\" \/>\n<meta property=\"og:type\" content=\"article\" \/>\n<meta property=\"og:title\" content=\"Regulamin - dobreforum.com.pl\" \/>\n<meta property=\"og:description\" content=\"Regulamin https:\/\/dobreforum.com.pl 1.Administratorem forum mieszcz\u0105cego si\u0119 pod adresem dobreforum.com.pl\u00a0jest Eroent sp z o.o. z siedzib\u0105 w Poznaniu2. Dla cel\u00f3w regulaminu w dalszej jego cz\u0119\u015bci nazwa domeny dobreforum.com.pl mo\u017ce zosta\u0107 zast\u0105piona wyra\u017ceniem domena w celu uzyskania lepszej przejrzysto\u015bci tekstu3.Jako U\u017cytkownik forum masz pe\u0142ne prawa dotycz\u0105ce wgl\u0105du, edycji, usuwania i przekazywania w stosunku do swoich danych osobowych. &hellip; Czytaj dalej \u201eRegulamin\u201d\" \/>\n<meta property=\"og:url\" content=\"https:\/\/dobreforum.com.pl\/?page_id=36\" \/>\n<meta property=\"og:site_name\" content=\"dobreforum.com.pl\" \/>\n<meta property=\"article:modified_time\" content=\"2025-02-25T20:06:25+00:00\" \/>\n<meta property=\"og:image\" content=\"https:\/\/dobreforum.com.pl\/wp-content\/uploads\/2020\/05\/laptop-819285_640.jpg\" \/>\n\t<meta property=\"og:image:width\" content=\"640\" \/>\n\t<meta property=\"og:image:height\" content=\"425\" \/>\n\t<meta property=\"og:image:type\" content=\"image\/jpeg\" \/>\n<meta name=\"twitter:card\" content=\"summary_large_image\" \/>\n<meta name=\"twitter:label1\" content=\"Szacowany czas czytania\" \/>\n\t<meta name=\"twitter:data1\" content=\"6 minut\" \/>\n<script type=\"application\/ld+json\" class=\"yoast-schema-graph\">{\"@context\":\"https:\\\/\\\/schema.org\",\"@graph\":[{\"@type\":\"WebPage\",\"@id\":\"https:\\\/\\\/dobreforum.com.pl\\\/?page_id=36\",\"url\":\"https:\\\/\\\/dobreforum.com.pl\\\/?page_id=36\",\"name\":\"Regulamin - dobreforum.com.pl\",\"isPartOf\":{\"@id\":\"https:\\\/\\\/dobreforum.com.pl\\\/#website\"},\"primaryImageOfPage\":{\"@id\":\"https:\\\/\\\/dobreforum.com.pl\\\/?page_id=36#primaryimage\"},\"image\":{\"@id\":\"https:\\\/\\\/dobreforum.com.pl\\\/?page_id=36#primaryimage\"},\"thumbnailUrl\":\"https:\\\/\\\/dobreforum.com.pl\\\/wp-content\\\/uploads\\\/2020\\\/05\\\/laptop-819285_640.jpg\",\"datePublished\":\"2020-05-19T23:16:13+00:00\",\"dateModified\":\"2025-02-25T20:06:25+00:00\",\"breadcrumb\":{\"@id\":\"https:\\\/\\\/dobreforum.com.pl\\\/?page_id=36#breadcrumb\"},\"inLanguage\":\"pl-PL\",\"potentialAction\":[{\"@type\":\"ReadAction\",\"target\":[\"https:\\\/\\\/dobreforum.com.pl\\\/?page_id=36\"]}]},{\"@type\":\"ImageObject\",\"inLanguage\":\"pl-PL\",\"@id\":\"https:\\\/\\\/dobreforum.com.pl\\\/?page_id=36#primaryimage\",\"url\":\"https:\\\/\\\/dobreforum.com.pl\\\/wp-content\\\/uploads\\\/2020\\\/05\\\/laptop-819285_640.jpg\",\"contentUrl\":\"https:\\\/\\\/dobreforum.com.pl\\\/wp-content\\\/uploads\\\/2020\\\/05\\\/laptop-819285_640.jpg\",\"width\":640,\"height\":425},{\"@type\":\"BreadcrumbList\",\"@id\":\"https:\\\/\\\/dobreforum.com.pl\\\/?page_id=36#breadcrumb\",\"itemListElement\":[{\"@type\":\"ListItem\",\"position\":1,\"name\":\"Strona g\u0142\u00f3wna\",\"item\":\"https:\\\/\\\/dobreforum.com.pl\\\/\"},{\"@type\":\"ListItem\",\"position\":2,\"name\":\"Regulamin\"}]},{\"@type\":\"WebSite\",\"@id\":\"https:\\\/\\\/dobreforum.com.pl\\\/#website\",\"url\":\"https:\\\/\\\/dobreforum.com.pl\\\/\",\"name\":\"dobreforum.com.pl\",\"description\":\"Tu ka\u017cdy znajdzie co\u015b ciekawego dla siebie...\",\"publisher\":{\"@id\":\"https:\\\/\\\/dobreforum.com.pl\\\/#\\\/schema\\\/person\\\/b34834b90b005e1931504c88cbdc9e1f\"},\"potentialAction\":[{\"@type\":\"SearchAction\",\"target\":{\"@type\":\"EntryPoint\",\"urlTemplate\":\"https:\\\/\\\/dobreforum.com.pl\\\/?s={search_term_string}\"},\"query-input\":{\"@type\":\"PropertyValueSpecification\",\"valueRequired\":true,\"valueName\":\"search_term_string\"}}],\"inLanguage\":\"pl-PL\"},{\"@type\":[\"Person\",\"Organization\"],\"@id\":\"https:\\\/\\\/dobreforum.com.pl\\\/#\\\/schema\\\/person\\\/b34834b90b005e1931504c88cbdc9e1f\",\"name\":\"Administrator\",\"image\":{\"@type\":\"ImageObject\",\"inLanguage\":\"pl-PL\",\"@id\":\"https:\\\/\\\/secure.gravatar.com\\\/avatar\\\/8eb056d73db8083397e7dfc0c5990da4dbef715371d4caea23e76af149a3e50a?s=96&d=mm&r=g\",\"url\":\"https:\\\/\\\/secure.gravatar.com\\\/avatar\\\/8eb056d73db8083397e7dfc0c5990da4dbef715371d4caea23e76af149a3e50a?s=96&d=mm&r=g\",\"contentUrl\":\"https:\\\/\\\/secure.gravatar.com\\\/avatar\\\/8eb056d73db8083397e7dfc0c5990da4dbef715371d4caea23e76af149a3e50a?s=96&d=mm&r=g\",\"caption\":\"Administrator\"},\"logo\":{\"@id\":\"https:\\\/\\\/secure.gravatar.com\\\/avatar\\\/8eb056d73db8083397e7dfc0c5990da4dbef715371d4caea23e76af149a3e50a?s=96&d=mm&r=g\"},\"sameAs\":[\"https:\\\/\\\/dobreforum.com.pl\"]}]}<\/script>\n<!-- \/ Yoast SEO plugin. -->","yoast_head_json":{"title":"Regulamin - dobreforum.com.pl","robots":{"index":"index","follow":"follow","max-snippet":"max-snippet:-1","max-image-preview":"max-image-preview:large","max-video-preview":"max-video-preview:-1"},"canonical":"https:\/\/dobreforum.com.pl\/?page_id=36","og_locale":"pl_PL","og_type":"article","og_title":"Regulamin - dobreforum.com.pl","og_description":"Regulamin https:\/\/dobreforum.com.pl 1.Administratorem forum mieszcz\u0105cego si\u0119 pod adresem dobreforum.com.pl\u00a0jest Eroent sp z o.o. z siedzib\u0105 w Poznaniu2. Dla cel\u00f3w regulaminu w dalszej jego cz\u0119\u015bci nazwa domeny dobreforum.com.pl mo\u017ce zosta\u0107 zast\u0105piona wyra\u017ceniem domena w celu uzyskania lepszej przejrzysto\u015bci tekstu3.Jako U\u017cytkownik forum masz pe\u0142ne prawa dotycz\u0105ce wgl\u0105du, edycji, usuwania i przekazywania w stosunku do swoich danych osobowych. &hellip; Czytaj dalej \u201eRegulamin\u201d","og_url":"https:\/\/dobreforum.com.pl\/?page_id=36","og_site_name":"dobreforum.com.pl","article_modified_time":"2025-02-25T20:06:25+00:00","og_image":[{"width":640,"height":425,"url":"https:\/\/dobreforum.com.pl\/wp-content\/uploads\/2020\/05\/laptop-819285_640.jpg","type":"image\/jpeg"}],"twitter_card":"summary_large_image","twitter_misc":{"Szacowany czas czytania":"6 minut"},"schema":{"@context":"https:\/\/schema.org","@graph":[{"@type":"WebPage","@id":"https:\/\/dobreforum.com.pl\/?page_id=36","url":"https:\/\/dobreforum.com.pl\/?page_id=36","name":"Regulamin - dobreforum.com.pl","isPartOf":{"@id":"https:\/\/dobreforum.com.pl\/#website"},"primaryImageOfPage":{"@id":"https:\/\/dobreforum.com.pl\/?page_id=36#primaryimage"},"image":{"@id":"https:\/\/dobreforum.com.pl\/?page_id=36#primaryimage"},"thumbnailUrl":"https:\/\/dobreforum.com.pl\/wp-content\/uploads\/2020\/05\/laptop-819285_640.jpg","datePublished":"2020-05-19T23:16:13+00:00","dateModified":"2025-02-25T20:06:25+00:00","breadcrumb":{"@id":"https:\/\/dobreforum.com.pl\/?page_id=36#breadcrumb"},"inLanguage":"pl-PL","potentialAction":[{"@type":"ReadAction","target":["https:\/\/dobreforum.com.pl\/?page_id=36"]}]},{"@type":"ImageObject","inLanguage":"pl-PL","@id":"https:\/\/dobreforum.com.pl\/?page_id=36#primaryimage","url":"https:\/\/dobreforum.com.pl\/wp-content\/uploads\/2020\/05\/laptop-819285_640.jpg","contentUrl":"https:\/\/dobreforum.com.pl\/wp-content\/uploads\/2020\/05\/laptop-819285_640.jpg","width":640,"height":425},{"@type":"BreadcrumbList","@id":"https:\/\/dobreforum.com.pl\/?page_id=36#breadcrumb","itemListElement":[{"@type":"ListItem","position":1,"name":"Strona g\u0142\u00f3wna","item":"https:\/\/dobreforum.com.pl\/"},{"@type":"ListItem","position":2,"name":"Regulamin"}]},{"@type":"WebSite","@id":"https:\/\/dobreforum.com.pl\/#website","url":"https:\/\/dobreforum.com.pl\/","name":"dobreforum.com.pl","description":"Tu ka\u017cdy znajdzie co\u015b ciekawego dla siebie...","publisher":{"@id":"https:\/\/dobreforum.com.pl\/#\/schema\/person\/b34834b90b005e1931504c88cbdc9e1f"},"potentialAction":[{"@type":"SearchAction","target":{"@type":"EntryPoint","urlTemplate":"https:\/\/dobreforum.com.pl\/?s={search_term_string}"},"query-input":{"@type":"PropertyValueSpecification","valueRequired":true,"valueName":"search_term_string"}}],"inLanguage":"pl-PL"},{"@type":["Person","Organization"],"@id":"https:\/\/dobreforum.com.pl\/#\/schema\/person\/b34834b90b005e1931504c88cbdc9e1f","name":"Administrator","image":{"@type":"ImageObject","inLanguage":"pl-PL","@id":"https:\/\/secure.gravatar.com\/avatar\/8eb056d73db8083397e7dfc0c5990da4dbef715371d4caea23e76af149a3e50a?s=96&d=mm&r=g","url":"https:\/\/secure.gravatar.com\/avatar\/8eb056d73db8083397e7dfc0c5990da4dbef715371d4caea23e76af149a3e50a?s=96&d=mm&r=g","contentUrl":"https:\/\/secure.gravatar.com\/avatar\/8eb056d73db8083397e7dfc0c5990da4dbef715371d4caea23e76af149a3e50a?s=96&d=mm&r=g","caption":"Administrator"},"logo":{"@id":"https:\/\/secure.gravatar.com\/avatar\/8eb056d73db8083397e7dfc0c5990da4dbef715371d4caea23e76af149a3e50a?s=96&d=mm&r=g"},"sameAs":["https:\/\/dobreforum.com.pl"]}]}},"_links":{"self":[{"href":"https:\/\/dobreforum.com.pl\/index.php?rest_route=\/wp\/v2\/pages\/36","targetHints":{"allow":["GET"]}}],"collection":[{"href":"https:\/\/dobreforum.com.pl\/index.php?rest_route=\/wp\/v2\/pages"}],"about":[{"href":"https:\/\/dobreforum.com.pl\/index.php?rest_route=\/wp\/v2\/types\/page"}],"author":[{"embeddable":true,"href":"https:\/\/dobreforum.com.pl\/index.php?rest_route=\/wp\/v2\/users\/1"}],"replies":[{"embeddable":true,"href":"https:\/\/dobreforum.com.pl\/index.php?rest_route=%2Fwp%2Fv2%2Fcomments&post=36"}],"version-history":[{"count":7,"href":"https:\/\/dobreforum.com.pl\/index.php?rest_route=\/wp\/v2\/pages\/36\/revisions"}],"predecessor-version":[{"id":215,"href":"https:\/\/dobreforum.com.pl\/index.php?rest_route=\/wp\/v2\/pages\/36\/revisions\/215"}],"wp:featuredmedia":[{"embeddable":true,"href":"https:\/\/dobreforum.com.pl\/index.php?rest_route=\/wp\/v2\/media\/76"}],"wp:attachment":[{"href":"https:\/\/dobreforum.com.pl\/index.php?rest_route=%2Fwp%2Fv2%2Fmedia&parent=36"}],"curies":[{"name":"wp","href":"https:\/\/api.w.org\/{rel}","templated":true}]}}